{"id":3,"date":"2026-02-10T15:59:15","date_gmt":"2026-02-10T15:59:15","guid":{"rendered":"http:\/\/wlwpkaz.cluster100.hosting.ovh.net\/?page_id=3"},"modified":"2026-04-17T08:58:43","modified_gmt":"2026-04-17T08:58:43","slug":"mentions-legales","status":"publish","type":"page","link":"https:\/\/sbcourtageconseil.fr\/index.php\/mentions-legales\/","title":{"rendered":"Mentions L\u00e9gales"},"content":{"rendered":"\t\t<div data-elementor-type=\"wp-page\" data-elementor-id=\"3\" class=\"elementor elementor-3\" data-elementor-post-type=\"page\">\n\t\t\t\t<div class=\"elementor-element elementor-element-1bce2ac1 e-flex e-con-boxed e-con e-parent\" data-id=\"1bce2ac1\" data-element_type=\"container\" data-e-type=\"container\">\n\t\t\t\t\t<div class=\"e-con-inner\">\n\t\t\t\t<div class=\"elementor-element elementor-element-47e4a568 elementor-widget elementor-widget-text-editor\" data-id=\"47e4a568\" data-element_type=\"widget\" data-e-type=\"widget\" data-widget_type=\"text-editor.default\">\n\t\t\t\t\t\t\t\t\t<h2 class=\"wp-block-heading\">\u00c9diteur du site<\/h2><p>Le pr\u00e9sent site est \u00e9dit\u00e9 par SB Courtage &amp; Conseil<\/p><p>Forme juridique SARL au capital de 10 000\u20ac.<\/p><p>Si\u00e8ge social 1 Avenue de la Marnes, Tarbes 65 000<\/p><p>Directeur de la publication : Capcommedias<\/p><p>Email : contact@sbcourtageconseil.fr<\/p><p>T\u00e9l\u00e9phone Damien 06 82 69 58 72 &#8211; Morgan 07 85 45 71 17<\/p><div class=\"page\" title=\"Page 2\"><div class=\"section\"><div class=\"layoutArea\"><div class=\"column\"><p>Identite\u0301 juridique de l\u2019entreprise EURL MS COURTAGE &#8211; Siret \/ RCS ville 84324759400024 RCS de TARBES &#8211;<br \/>N\u00b0 Orias 19000373 &#8211; Statut re\u0301glemente\u0301 IOBSP \/ IA &#8211; Autorite\u0301 de contro\u0302le ACPR &#8211; Assurance responsable civile professionnelle MATRISK<\/p><\/div><\/div><\/div><\/div><h3>H\u00e9bergement<\/h3><p>Le site est heberg\u00e9 par OVH SAS \u2013 2 rue Kellermann \u2013 BP 80157 \u2013 59053 Roubaix Cedex 1 \u2013 T\u00e9l\u00e9phone : 1007<\/p><h3>Propri\u00e9t\u00e9 intellectuelle et contrefa\u00e7ons<\/h3><p>SB Courtage &amp; Conseil est propri\u00e9taire des droits de propri\u00e9t\u00e9 intellectuelle et d\u00e9tient les droits d\u2019usage sur tous les \u00e9l\u00e9ments accessibles sur le site internet, notamment les textes, images, graphismes, logos, vid\u00e9os, architecture, ic\u00f4nes et sons.<\/p><p>Toute reproduction, repr\u00e9sentation, modification, publication, adaptation de tout ou partie des \u00e9l\u00e9ments du site, quel que soit le moyen ou le proc\u00e9d\u00e9 utilis\u00e9, est interdite, sauf autorisation \u00e9crite au pr\u00e9alable de SB Courtage &amp; Conseil.<\/p><p>Toute exploitation non autoris\u00e9e du site ou de l\u2019un des \u00e9l\u00e9ments qu\u2019il contient sera consid\u00e9r\u00e9e comme constitutive d\u2019une contrefa\u00e7on et poursuivie conform\u00e9ment aux dispositions des articles\u00a0L.335-2 et suivants du Code de Propri\u00e9t\u00e9 Intellectuelle.<\/p><h3>Limitations de responsabilit\u00e9<\/h3><p>La soci\u00e9t\u00e9 SB Courtage &amp; Conseil ne saurait \u00eatre tenue responsable des dommages directs ou indirects pouvant survenir au mat\u00e9riel de l&rsquo;utilisateur lors de l&rsquo;acc\u00e8s au site internet. Les informations diffus\u00e9es sur le site sont fournies \u00e0 titre indicatif. SB Courtage &amp; Conseil ne pourra \u00eatre tenue responsable de l&rsquo;usage qui pourrait en \u00eatre fait par les utilisateurs. Bien que SB Courtage &amp; Conseil mette en oeuvre tous les moyens n\u00e9cessaires pour assurer la s\u00e9curit\u00e9 du site, sa responsabilit\u00e9 ne pourra \u00eatre engag\u00e9e en cas d&rsquo;introduction de donn\u00e9es malveillantes ou dysfonctionnements ind\u00e9pendants de sa volont\u00e9. Le site peut proposer des espaces interactifs (notamment via les formulaires de contact).<\/p><p>SB Courtage &amp; Conseil se r\u00e9serve le droit de supprimer, sans pr\u00e9avis, tout contenu qui ne respecterait pas la l\u00e9gislation en vigueur en France, en particulier en mati\u00e8re de protection des donn\u00e9es et de respect des personnes. Le cas \u00e9ch\u00e9ant, SB Courtage &amp; Conseil se r\u00e9serve \u00e9galement le droit d&rsquo;engager la responsabilit\u00e9 civile et\/ou p\u00e9nale de l&rsquo;utilisateur en cas de propos ou contenus inappropri\u00e9s, notamment \u00e0 caract\u00e8re injurieux, diffamatoire, discriminatoire \u00a0ou illicite, quel que soir le support utilis\u00e9 (texte, image, etc.)<\/p><h3>Donn\u00e9es personnelles<\/h3><p>Conform\u00e9ment \u00e0 la r\u00e9glementation en vigueur, notamment \u00e0 la loi n\u00b078-17 du 6 janvier 1978 modifi\u00e9e et au R\u00e8glement G\u00e9n\u00e9ral sur la Protection des Donn\u00e9es (RGPD), l\u2019utilisateur dispose de droits sur les donn\u00e9es personnelles le concernant.<\/p><p>\u00c0 ce titre, vous pouvez demander l\u2019acc\u00e8s, la rectification ou la suppression de vos donn\u00e9es en adressant votre demande par email \u00e0 : contact@sbcourtageconseil.fr<\/p><p>Pour en savoir plus sur la collecte, l\u2019utilisation et la protection de vos donn\u00e9es personnelles, nous vous invitons \u00e0 consulter notre Politique de Confidentialit\u00e9.<\/p><p>Vous avez \u00e9galement la possibilit\u00e9 d\u2019introduire une r\u00e9clamation aupr\u00e8s de CNIL si vous estimez que vos droits ne sont pas respect\u00e9s.<\/p><h3>Liens hypertextes et cookies<\/h3><p>Le site de SB Courtage &amp; Conseil peut contenir des liens redirigeant vers des sites externes. Ces liens sont fournis \u00e0 titre informatif. SB Courtage &amp; Conseil ne saurait \u00eatre tenu responsable du contenu, du fonctionnement ou des \u00e9ventuels dommages li\u00e9s \u00e0 la consultation de ces sites tiers.<\/p><p>Par ailleurs, certains sites externes peuvent proposer des liens vers le site de SB Courtage &amp; Conseil. L\u2019entreprise d\u00e9cline toute responsabilit\u00e9 concernant ces redirections.<\/p><p>La navigation sur le site peut entra\u00eener l\u2019installation de cookies sur le terminal de l\u2019utilisateur. Un cookie est un fichier de petite taille permettant d\u2019enregistrer des informations relatives \u00e0 votre navigation, notamment dans le but d\u2019am\u00e9liorer l\u2019exp\u00e9rience utilisateur et de mesurer l\u2019audience du site.<\/p><p>L\u2019utilisateur a la possibilit\u00e9 d\u2019accepter ou de refuser les cookies \u00e0 tout moment via le bandeau pr\u00e9vu \u00e0 cet effet ou en param\u00e9trant son navigateur. Aucun cookie non essentiel ne sera d\u00e9pos\u00e9 sans votre consentement pr\u00e9alable.<\/p><p>Les cookies sont conserv\u00e9s pour une dur\u00e9e maximale de 13 mois.<\/p><p>Pour en savoir plus sur l\u2019utilisation des cookies et la gestion de vos donn\u00e9es, nous vous invitons \u00e0 consulter notre Politique de Confidentialit\u00e9.<\/p><h3>Droit applicable et attribution de juridiction<\/h3><p>Tout litige en relation avec l&rsquo;utilisation du site sbcourtageconseil.fr est soumis au droit fran\u00e7ais. En dehors des cas o\u00f9 la loi ne le permet pas, il est fait attribution exclusive de juridiction aux tribunaux comp\u00e9tents de Tarbes 843 247 594 R.C.S. Tarbes.<\/p><p><!-- \/wp:paragraph --><\/p>\t\t\t\t\t\t\t\t<\/div>\n\t\t\t\t\t<\/div>\n\t\t\t\t<\/div>\n\t\t\t\t<\/div>\n\t\t","protected":false},"excerpt":{"rendered":"<p>\u00c9diteur du site Le pr\u00e9sent site est \u00e9dit\u00e9 par SB Courtage &amp; Conseil Forme juridique SARL au capital de 10 000\u20ac. Si\u00e8ge social 1 Avenue de la Marnes, Tarbes 65 000 Directeur de la publication : Capcommedias Email : contact@sbcourtageconseil.fr T\u00e9l\u00e9phone Damien 06 82 69 58 72 &#8211; Morgan 07 85 45 71 17 Identite\u0301 [&hellip;]<\/p>\n","protected":false},"author":1,"featured_media":0,"parent":0,"menu_order":0,"comment_status":"closed","ping_status":"closed","template":"","meta":{"footnotes":""},"class_list":["post-3","page","type-page","status-publish","hentry"],"_links":{"self":[{"href":"https:\/\/sbcourtageconseil.fr\/index.php\/wp-json\/wp\/v2\/pages\/3","targetHints":{"allow":["GET"]}}],"collection":[{"href":"https:\/\/sbcourtageconseil.fr\/index.php\/wp-json\/wp\/v2\/pages"}],"about":[{"href":"https:\/\/sbcourtageconseil.fr\/index.php\/wp-json\/wp\/v2\/types\/page"}],"author":[{"embeddable":true,"href":"https:\/\/sbcourtageconseil.fr\/index.php\/wp-json\/wp\/v2\/users\/1"}],"replies":[{"embeddable":true,"href":"https:\/\/sbcourtageconseil.fr\/index.php\/wp-json\/wp\/v2\/comments?post=3"}],"version-history":[{"count":37,"href":"https:\/\/sbcourtageconseil.fr\/index.php\/wp-json\/wp\/v2\/pages\/3\/revisions"}],"predecessor-version":[{"id":1483,"href":"https:\/\/sbcourtageconseil.fr\/index.php\/wp-json\/wp\/v2\/pages\/3\/revisions\/1483"}],"wp:attachment":[{"href":"https:\/\/sbcourtageconseil.fr\/index.php\/wp-json\/wp\/v2\/media?parent=3"}],"curies":[{"name":"wp","href":"https:\/\/api.w.org\/{rel}","templated":true}]}}