{"id":1278,"date":"2026-04-17T06:50:13","date_gmt":"2026-04-17T06:50:13","guid":{"rendered":"https:\/\/sbcourtageconseil.fr\/?page_id=1278"},"modified":"2026-04-17T08:56:43","modified_gmt":"2026-04-17T08:56:43","slug":"politique-de-confidentialite","status":"publish","type":"page","link":"https:\/\/sbcourtageconseil.fr\/index.php\/politique-de-confidentialite\/","title":{"rendered":"Politique de confidentialit\u00e9"},"content":{"rendered":"\t\t<div data-elementor-type=\"wp-page\" data-elementor-id=\"1278\" class=\"elementor elementor-1278\" data-elementor-post-type=\"page\">\n\t\t\t\t<div class=\"elementor-element elementor-element-662d783 e-flex e-con-boxed e-con e-parent\" data-id=\"662d783\" data-element_type=\"container\" data-e-type=\"container\">\n\t\t\t\t\t<div class=\"e-con-inner\">\n\t\t\t\t<div class=\"elementor-element elementor-element-b5b05e0 elementor-widget elementor-widget-text-editor\" data-id=\"b5b05e0\" data-element_type=\"widget\" data-e-type=\"widget\" data-widget_type=\"text-editor.default\">\n\t\t\t\t\t\t\t\t\t<h2>1.Introduction<\/h2><p><span style=\"font-weight: 400;\">La pr\u00e9sente politique de confidentialit\u00e9 a pour objectif d\u2019informer les utilisateurs du site <\/span><b>sbcourtageconseil.fr<\/b><span style=\"font-weight: 400;\"> sur la mani\u00e8re dont leurs donn\u00e9es personnelles sont collect\u00e9es, utilis\u00e9es et prot\u00e9g\u00e9es.<\/span><\/p><p><span style=\"font-weight: 400;\">SB Courtage &amp; Conseil s\u2019engage \u00e0 assurer la protection des donn\u00e9es personnelles conform\u00e9ment au <\/span><b>R\u00e8glement G\u00e9n\u00e9ral sur la Protection des Donn\u00e9es (RGPD)<\/b><span style=\"font-weight: 400;\"> et \u00e0 la loi Informatique et Libert\u00e9s.<\/span><\/p><h3>2. Donn\u00e9es collect\u00e9es<\/h3><p><span style=\"font-weight: 400;\">Dans le cadre de l\u2019utilisation du site et notamment via le formulaire de contact, les donn\u00e9es suivantes peuvent \u00eatre collect\u00e9es :<\/span><\/p><ul><li style=\"font-weight: 400;\" aria-level=\"1\"><span style=\"font-weight: 400;\">Nom et pr\u00e9nom<\/span><\/li><li style=\"font-weight: 400;\" aria-level=\"1\"><span style=\"font-weight: 400;\">Adresse email<\/span><\/li><li style=\"font-weight: 400;\" aria-level=\"1\"><span style=\"font-weight: 400;\">Num\u00e9ro de t\u00e9l\u00e9phone<\/span><\/li><li style=\"font-weight: 400;\" aria-level=\"1\"><span style=\"font-weight: 400;\">Informations relatives au projet (financement, rachat de cr\u00e9dit, etc.)<\/span><\/li><li style=\"font-weight: 400;\" aria-level=\"1\"><span style=\"font-weight: 400;\">Informations relatives \u00e0 la situation personnelle et financi\u00e8re<\/span><\/li><\/ul><p><span style=\"font-weight: 400;\">Certaines donn\u00e9es sont n\u00e9cessaires pour permettre l\u2019\u00e9tude et le traitement des demandes de financement.<\/span><\/p><h3>3. Finalit\u00e9s de la collecte<\/h3><p><span style=\"font-weight: 400;\">Les donn\u00e9es personnelles collect\u00e9es ont pour finalit\u00e9 :<\/span><\/p><ul><li style=\"font-weight: 400;\" aria-level=\"1\"><span style=\"font-weight: 400;\">La gestion des demandes de contact<\/span><\/li><li style=\"font-weight: 400;\" aria-level=\"1\"><span style=\"font-weight: 400;\">L\u2019\u00e9tude des projets de financement ou de regroupement de cr\u00e9dits<\/span><\/li><li style=\"font-weight: 400;\" aria-level=\"1\"><span style=\"font-weight: 400;\">La mise en relation et l\u2019accompagnement personnalis\u00e9<\/span><\/li><li style=\"font-weight: 400;\" aria-level=\"1\"><span style=\"font-weight: 400;\">Le suivi des \u00e9changes avec les utilisateurs<\/span><\/li><\/ul><h3>4. Base l\u00e9gale<\/h3><p><span style=\"font-weight: 400;\">Le traitement des donn\u00e9es repose sur le consentement de l\u2019utilisateur, exprim\u00e9 lors de l\u2019envoi du formulaire de contact.<\/span><\/p><h3>5. Dur\u00e9e de conservation<\/h3><p><span style=\"font-weight: 400;\">Les donn\u00e9es personnelles sont conserv\u00e9es pendant une dur\u00e9e maximale de <\/span><b>3 ans \u00e0 compter du dernier contact<\/b><span style=\"font-weight: 400;\"> avec l\u2019utilisateur, sauf obligation l\u00e9gale contraire.<\/span><\/p><h3>6. Destinataires des donn\u00e9es<\/h3><p><span style=\"font-weight: 400;\">Les donn\u00e9es personnelles sont destin\u00e9es exclusivement \u00e0 <\/span><b>SB Courtage &amp; Conseil<\/b><span style=\"font-weight: 400;\">.<\/span><\/p><p><span style=\"font-weight: 400;\">Elles ne sont en aucun cas vendues ou c\u00e9d\u00e9es \u00e0 des tiers.<\/span><span style=\"font-weight: 400;\"><br \/><\/span><span style=\"font-weight: 400;\">Elles peuvent toutefois \u00eatre transmises, avec l\u2019accord du client, \u00e0 des partenaires (\u00e9tablissements bancaires ou assureurs) dans le cadre de l\u2019\u00e9tude d\u2019un dossier.<\/span><\/p><h3>7. S\u00e9curit\u00e9 des donn\u00e9es<\/h3><p><span style=\"font-weight: 400;\">SB Courtage &amp; Conseil met en \u0153uvre toutes les mesures techniques et organisationnelles appropri\u00e9es afin de garantir la s\u00e9curit\u00e9 et la confidentialit\u00e9 des donn\u00e9es personnelles.<\/span><\/p><h3>8. Droits des utilisateurs<\/h3><p><span style=\"font-weight: 400;\">Conform\u00e9ment \u00e0 la r\u00e9glementation en vigueur, vous disposez des droits suivants :<\/span><\/p><ul><li style=\"font-weight: 400;\" aria-level=\"1\"><span style=\"font-weight: 400;\">Droit d\u2019acc\u00e8s<\/span><\/li><li style=\"font-weight: 400;\" aria-level=\"1\"><span style=\"font-weight: 400;\">Droit de rectification<\/span><\/li><li style=\"font-weight: 400;\" aria-level=\"1\"><span style=\"font-weight: 400;\">Droit de suppression<\/span><\/li><li style=\"font-weight: 400;\" aria-level=\"1\"><span style=\"font-weight: 400;\">Droit d\u2019opposition<\/span><\/li><li style=\"font-weight: 400;\" aria-level=\"1\"><span style=\"font-weight: 400;\">Droit \u00e0 la limitation du traitement<\/span><\/li><\/ul><p><span style=\"font-weight: 400;\">Vous pouvez exercer vos droits \u00e0 tout moment en contactant :<\/span><span style=\"font-weight: 400;\"><br \/><\/span><b>contact@sbcourtageconseil.fr<\/b><\/p><p><span style=\"font-weight: 400;\">Vous avez \u00e9galement la possibilit\u00e9 d\u2019introduire une r\u00e9clamation aupr\u00e8s de la CNIL.<\/span><\/p><h3>9. Cookies<\/h3><p><span style=\"font-weight: 400;\">Le site peut utiliser des cookies afin d\u2019am\u00e9liorer l\u2019exp\u00e9rience utilisateur et de mesurer l\u2019audience.<\/span><\/p><p><span style=\"font-weight: 400;\">Vous pouvez accepter ou refuser les cookies \u00e0 tout moment via le bandeau pr\u00e9vu \u00e0 cet effet.<\/span><\/p><p><span style=\"font-weight: 400;\">Pour en savoir plus, vous pouvez consulter la section d\u00e9di\u00e9e dans les mentions l\u00e9gales.<\/span><\/p>\t\t\t\t\t\t\t\t<\/div>\n\t\t\t\t\t<\/div>\n\t\t\t\t<\/div>\n\t\t\t\t<\/div>\n\t\t","protected":false},"excerpt":{"rendered":"<p>1.Introduction La pr\u00e9sente politique de confidentialit\u00e9 a pour objectif d\u2019informer les utilisateurs du site sbcourtageconseil.fr sur la mani\u00e8re dont leurs donn\u00e9es personnelles sont collect\u00e9es, utilis\u00e9es et prot\u00e9g\u00e9es. SB Courtage &amp; Conseil s\u2019engage \u00e0 assurer la protection des donn\u00e9es personnelles conform\u00e9ment au R\u00e8glement G\u00e9n\u00e9ral sur la Protection des Donn\u00e9es (RGPD) et \u00e0 la loi Informatique et [&hellip;]<\/p>\n","protected":false},"author":1,"featured_media":0,"parent":0,"menu_order":0,"comment_status":"closed","ping_status":"closed","template":"","meta":{"footnotes":""},"class_list":["post-1278","page","type-page","status-publish","hentry"],"_links":{"self":[{"href":"https:\/\/sbcourtageconseil.fr\/index.php\/wp-json\/wp\/v2\/pages\/1278","targetHints":{"allow":["GET"]}}],"collection":[{"href":"https:\/\/sbcourtageconseil.fr\/index.php\/wp-json\/wp\/v2\/pages"}],"about":[{"href":"https:\/\/sbcourtageconseil.fr\/index.php\/wp-json\/wp\/v2\/types\/page"}],"author":[{"embeddable":true,"href":"https:\/\/sbcourtageconseil.fr\/index.php\/wp-json\/wp\/v2\/users\/1"}],"replies":[{"embeddable":true,"href":"https:\/\/sbcourtageconseil.fr\/index.php\/wp-json\/wp\/v2\/comments?post=1278"}],"version-history":[{"count":23,"href":"https:\/\/sbcourtageconseil.fr\/index.php\/wp-json\/wp\/v2\/pages\/1278\/revisions"}],"predecessor-version":[{"id":1480,"href":"https:\/\/sbcourtageconseil.fr\/index.php\/wp-json\/wp\/v2\/pages\/1278\/revisions\/1480"}],"wp:attachment":[{"href":"https:\/\/sbcourtageconseil.fr\/index.php\/wp-json\/wp\/v2\/media?parent=1278"}],"curies":[{"name":"wp","href":"https:\/\/api.w.org\/{rel}","templated":true}]}}